{"id":7085,"date":"2023-01-13T16:26:00","date_gmt":"2023-01-13T15:26:00","guid":{"rendered":"https:\/\/snusforumet.se\/?page_id=7085"},"modified":"2023-01-27T13:58:43","modified_gmt":"2023-01-27T12:58:43","slug":"les-francais-egares-craignent-de-suivre-la-tendance-tiktok-le-snus","status":"publish","type":"page","link":"https:\/\/snusforumet.se\/en\/les-francais-egares-craignent-de-suivre-la-tendance-tiktok-le-snus\/","title":{"rendered":"Les Fran\u00e7ais \u00ab \u00e9gar\u00e9s \u00bb craignent de suivre la tendance TikTok \u00ab le snus \u00bb"},"content":{"rendered":"\n<p><strong>Des vid\u00e9os TikTok mettant en sc\u00e8ne des jeunes utilisant du snus et des sachets de nicotine ont d\u00e9clench\u00e9 un \u00ab<\/strong> <strong>alarmisme mal inform\u00e9 \u00bb en France sur la base de fausses all\u00e9gations sur les risques pour la sant\u00e9 des produits \u00e0 base de nicotine sans fum\u00e9e.<\/strong><\/p>\n\n\n\n<p>Un certain nombre de <a href=\"https:\/\/www.tiktok.com\/search?q=%22le%20snus%22&amp;t=1673539774220\">vid\u00e9os en fran\u00e7ais sont apparues sur TikTok<\/a> ces derni\u00e8res semaines montrant des jeunes pla\u00e7ant de petites poches entre leurs gencives et leur l\u00e8vre sup\u00e9rieure.<\/p>\n\n\n\n<p>Alors que la plupart des <a href=\"https:\/\/www.tiktok.com\/search?q=%22le%20snus%22&amp;t=1673539774220\">vid\u00e9os<\/a> sont tagu\u00e9es avec #snus, la majorit\u00e9 des vid\u00e9os semblent pr\u00e9senter des sachets de nicotine sans tabac plut\u00f4t que du snus su\u00e9dois \u00e0 base de tabac, dont la vente est ill\u00e9gale en France.<\/p>\n\n\n\n<p>La tendance a \u00e9t\u00e9 encore acc\u00e9l\u00e9r\u00e9e par une photo qui a circul\u00e9 sur plusieurs plateformes de m\u00e9dias sociaux montrant <a href=\"https:\/\/twitter.com\/vibesfoot\/status\/1593132300967235585?lang=en\">le footballeur fran\u00e7ais Marcus Thuram<\/a> tenant ce qui semble \u00eatre une bo\u00eete d&#8217;un produit \u00e0 base de nicotine sans fum\u00e9e, tr\u00e8s probablement des sachets de nicotine sans tabac, qui ne sont actuellement pas r\u00e9glement\u00e9s en France.<\/p>\n\n\n\n<div class=\"wp-block-media-text is-stacked-on-mobile is-vertically-aligned-center\" style=\"grid-template-columns:33% auto\"><figure class=\"wp-block-media-text__media\"><a href=\"https:\/\/snusforumet.se\/en\/lars-rutqvist-the-oncologist-who-wants-smokers-to-switch-to-swedish-snus\/\"><img decoding=\"async\" width=\"700\" height=\"394\" src=\"https:\/\/snusforumet.se\/wp-content\/uploads\/2022\/07\/Lars-Erik-Rutqvist-Lars-Rutqvist-700x394.png\" alt=\"Lars-Erik Rutqvist Lars Rutqvist snus cancer\" class=\"wp-image-6466 size-full\" srcset=\"https:\/\/snusforumet.se\/wp-content\/uploads\/2022\/07\/Lars-Erik-Rutqvist-Lars-Rutqvist-700x394.png 700w, https:\/\/snusforumet.se\/wp-content\/uploads\/2022\/07\/Lars-Erik-Rutqvist-Lars-Rutqvist-250x141.png 250w, https:\/\/snusforumet.se\/wp-content\/uploads\/2022\/07\/Lars-Erik-Rutqvist-Lars-Rutqvist-768x432.png 768w, https:\/\/snusforumet.se\/wp-content\/uploads\/2022\/07\/Lars-Erik-Rutqvist-Lars-Rutqvist-120x68.png 120w, https:\/\/snusforumet.se\/wp-content\/uploads\/2022\/07\/Lars-Erik-Rutqvist-Lars-Rutqvist-180x101.png 180w, https:\/\/snusforumet.se\/wp-content\/uploads\/2022\/07\/Lars-Erik-Rutqvist-Lars-Rutqvist-750x422.png 750w, https:\/\/snusforumet.se\/wp-content\/uploads\/2022\/07\/Lars-Erik-Rutqvist-Lars-Rutqvist.png 1492w\" sizes=\"(max-width: 700px) 100vw, 700px\" \/><\/a><\/figure><div class=\"wp-block-media-text__content\">\n<h3 class=\"has-text-align-left wp-block-heading\"><a href=\"https:\/\/snusforumet.se\/en\/lars-rutqvist-the-oncologist-who-wants-smokers-to-switch-to-swedish-snus\/\">Rencontrez l&#8217;oncologue qui veut que les fumeurs passent au snus<\/a><\/h3>\n<\/div><\/div>\n\n\n\n<p><\/p>\n\n\n\n<p>\u00ab Une grande partie du probl\u00e8me est que les d\u00e9cideurs politiques en France et dans de nombreux autres pays de l&#8217;UE n&#8217;ont pas suivi le rythme des nouveaux produits \u00e0 base de nicotine&nbsp;\u00bb, d\u00e9clare Patrik Str\u00f6mer, secr\u00e9taire g\u00e9n\u00e9ral de <a href=\"https:\/\/snustillverkarforeningen.se\/\">l&#8217;Association des fabricants su\u00e9dois de snus<\/a>.<\/p>\n\n\n\n<p>\u00ab Les produits \u00e0 base de nicotine devraient \u00eatre interdits \u00e0 toute personne de moins de 18 ans &#8211; il n&#8217;y a pas de d\u00e9bat \u00e0 ce sujet. Mais un manque d&#8217;attention engendre un manque d&#8217;informations cr\u00e9dibles, conduisant \u00e0 un malentendu g\u00e9n\u00e9ralis\u00e9 et laissant une poign\u00e9e d&#8217;utilisateurs de TikTok en qu\u00eate d&#8217;attention pour d\u00e9finir l&#8217;ordre du jour.&nbsp;\u00bb<\/p>\n\n\n\n<h2 class=\"wp-block-heading\"><strong>Beaucoup de vues, peu de preuves tangibles<\/strong><\/h2>\n\n\n\n<p>Alors que les diff\u00e9rents clips fran\u00e7ais #snus TikTok ont re\u00e7u des centaines de milliers de vues, on ne sait toujours pas dans quelle mesure la consommation de snus ou de sachets de nicotine est r\u00e9pandue chez les jeunes en France.<\/p>\n\n\n\n<p>N\u00e9anmoins, les m\u00e9dias en France n&#8217;ont pas tard\u00e9 \u00e0 publier des articles d\u00e9crivant le snus comme \u00ab dangereux<strong> \u00bb<\/strong>, en se concentrant sur les clips TikTok o\u00f9 les utilisateurs se plaignent de se sentir naus\u00e9eux apr\u00e8s avoir utilis\u00e9 le produit.<\/p>\n\n\n\n<h4 class=\"has-text-align-center wp-block-heading\">LIRE LA SUITE: <a href=\"https:\/\/snusforumet.se\/en\/nicotine-pouches-what-you-need-to-know\/\">Sachets de nicotine &#8211; ce que vous devez savoir<\/a><\/h4>\n\n\n\n<p>La cha\u00eene de t\u00e9l\u00e9vision fran\u00e7aise <a href=\"https:\/\/www.francetvinfo.fr\/sante\/drogue-addictions\/sante-le-snus-du-tabac-a-sucer-dangereux-et-interdit-en-france_5541927.html#xtor=CS2-765-%5Bautres%5D-\">FranceInfo<\/a> a publi\u00e9 une vid\u00e9o mettant en vedette <a href=\"https:\/\/twitter.com\/ljosseran?lang=en\">Lo\u00efc Josseran<\/a>, chef du groupe anti-tabac fran\u00e7ais <a href=\"https:\/\/alliancecontreletabac.org\/\">Alliance Contre le Tabac<\/a>, affirmant \u00e0 tort que le snus provoquait plusieurs types de cancers, contredisant une s\u00e9rie d&#8217;\u00e9tudes scientifiques qui concluent qu&#8217;il n&#8217;y a pas de corr\u00e9lation entre la consommation de snus et le cancer. <\/p>\n\n\n\n<p>Il affirme en outre que les personnes qui consomment du snus sont \u00ab&nbsp;trois fois plus susceptibles de devenir fumeurs&nbsp;\u00bb.<\/p>\n\n\n\n<h2 class=\"wp-block-heading\"><strong>Fausses d\u00e9clarations sur les dangers du \u00ab&nbsp;snus&nbsp;\u00bb<\/strong><\/h2>\n\n\n\n<p>Le sp\u00e9cialiste fran\u00e7ais de la toxicomanie, le Dr Micha\u00ebl Bazin, a fait des affirmations similaires sans fondement, <a href=\"https:\/\/www.midilibre.fr\/2022\/12\/26\/snus-le-tabac-a-macher-addictif-interdit-en-europe-depuis-1992-regagne-en-popularite-pour-le-pire-10890209.php\">d\u00e9clarant au journal Midi Libre<\/a> qu&#8217;une portion de snus \u00e9quivalait \u00e0 trois cigarettes.<\/p>\n\n\n\n<div class=\"wp-block-media-text is-stacked-on-mobile is-vertically-aligned-center\" style=\"grid-template-columns:35% auto\"><figure class=\"wp-block-media-text__media\"><a href=\"https:\/\/snusforumet.se\/en\/snus-brings-sweden-even-closer-to-tobacco-endgame-goal\/\"><img decoding=\"async\" width=\"700\" height=\"464\" src=\"https:\/\/snusforumet.se\/wp-content\/uploads\/2021\/11\/snusgrafik_eng-700x464.jpg\" alt=\"smoking rates in sweden\" class=\"wp-image-5655 size-full\" srcset=\"https:\/\/snusforumet.se\/wp-content\/uploads\/2021\/11\/snusgrafik_eng-700x464.jpg 700w, https:\/\/snusforumet.se\/wp-content\/uploads\/2021\/11\/snusgrafik_eng-250x166.jpg 250w, https:\/\/snusforumet.se\/wp-content\/uploads\/2021\/11\/snusgrafik_eng-768x509.jpg 768w, https:\/\/snusforumet.se\/wp-content\/uploads\/2021\/11\/snusgrafik_eng-1536x1017.jpg 1536w, https:\/\/snusforumet.se\/wp-content\/uploads\/2021\/11\/snusgrafik_eng-2048x1356.jpg 2048w, https:\/\/snusforumet.se\/wp-content\/uploads\/2021\/11\/snusgrafik_eng-120x79.jpg 120w, https:\/\/snusforumet.se\/wp-content\/uploads\/2021\/11\/snusgrafik_eng-180x119.jpg 180w, https:\/\/snusforumet.se\/wp-content\/uploads\/2021\/11\/snusgrafik_eng-750x497.jpg 750w\" sizes=\"(max-width: 700px) 100vw, 700px\" \/><\/a><\/figure><div class=\"wp-block-media-text__content\">\n<h3 class=\"wp-block-heading\"><a href=\"https:\/\/snusforumet.se\/fakta\/the-swedish-experience\/\">\u00ab\u00a0The Swedish Experience<strong> \u00bb<\/strong>: En savoir plus sur l&#8217;exp\u00e9rience su\u00e9doise  avec le snus<\/a><\/h3>\n<\/div><\/div>\n\n\n\n<p><\/p>\n\n\n\n<p>Str\u00f6mer a qualifi\u00e9 ces fausses all\u00e9gations de \u00ab&nbsp;malheureuses<strong> \u00bb<\/strong>, et encore un autre signe que les autorit\u00e9s sanitaires et les d\u00e9cideurs politiques fran\u00e7ais <a href=\"https:\/\/snusforumet.se\/en\/german-agency-nicotine-pouch-risks-are-low\/\">doivent faire leurs devoirs en ce qui concerne la nicotine<\/a>.<\/p>\n\n\n\n<p>\u00ab&nbsp;Il est triste et frustrant que des groupes anti-tabac et de soi-disant experts m\u00e9dicaux soient tomb\u00e9s dans ce type d&#8217;alarmisme mal inform\u00e9 sur les sachets de nicotine et le snus, dit-il.<\/p>\n\n\n\n<p>\u00ab Leurs affirmations sont tout simplement fausses. <a href=\"https:\/\/www.swedishmatch.com\/Snus-and-health\/Research-on-snus\/Cancer\/\">Il n&#8217;y a aucune preuve que les sachets de snus ou de nicotine causent le cancer<\/a>.&nbsp;\u00bb<\/p>\n\n\n\n<h4 class=\"has-text-align-center wp-block-heading\">LIRE LA SUITE: <a href=\"https:\/\/snusforumet.se\/en\/snus-and-health\/\">Snus et sant\u00e9<\/a><\/h4>\n\n\n\n<p>Bien que Str\u00f6mer ne nie pas que le snus ou sachet de nicotine moyen contient plus de milligrammes de nicotine par sachet que la cigarette moyenne, <a href=\"https:\/\/www.swedishmatch.com\/Snus-and-health\/Nicotine\/Nicotine-labeling-of-Swedish-Match-products\/\">les effets de chaque produit sont diff\u00e9rents en raison de la fa\u00e7on dont la nicotine p\u00e9n\u00e8tre dans le corps<\/a>.<\/p>\n\n\n\n<p>\u00ab&nbsp;Ce n&#8217;est pas parce que les sachets de nicotine peuvent contenir plus de nicotine que les effets sont automatiquement plus importants ou qu&#8217;ils cr\u00e9ent plus de d\u00e9pendance que les cigarettes<strong> \u00bb<\/strong>, dit-il.<\/p>\n\n\n\n<p>\u00ab&nbsp;La nicotine du snus ou des sachets est absorb\u00e9e par les gencives et les glandes salivaires plut\u00f4t que par les poumons, de sorte que la quantit\u00e9 de nicotine n\u00e9cessaire pour obtenir un effet \u00e9quivalent est diff\u00e9rente.<strong> \u00bb<\/strong><\/p>\n\n\n\n<h2 class=\"wp-block-heading\"><strong>Le snus ne tue pas, les cigarettes oui<\/strong><\/h2>\n\n\n\n<p>Str\u00f6mer craint que le  \u00ab&nbsp;scandale fabriqu\u00e9 par les m\u00e9dias<strong> \u00bb<\/strong> fran\u00e7ais sur les dangers suppos\u00e9s du snus ne finisse par co\u00fbter des vies.<\/p>\n\n\n\n<p>\u00ab Si les autorit\u00e9s fran\u00e7aises voulaient vraiment prendre des mesures pour am\u00e9liorer la sant\u00e9 publique, elles devraient se concentrer sur la restriction de l&#8217;acc\u00e8s aux cigarettes mortelles plut\u00f4t que d&#8217;attiser des craintes infond\u00e9es sur les produits qui ont cr\u00e9\u00e9 <a href=\"https:\/\/snusforumet.se\/en\/the-year-in-snus-2022-the-best-one-in-a-long-time\/\">deux g\u00e9n\u00e9rations sans fum\u00e9e en Su\u00e8de<\/a> et <a href=\"https:\/\/snusforumet.se\/en\/eu-tobacco-mortality-snus-a-major-factor-behind-swedens-low-rates\/\">les taux de mortalit\u00e9 li\u00e9s au tabac les plus bas d&#8217;Europe<\/a><strong> \u00bb<\/strong>, il dit.<\/p>\n\n\n\n<p>\u00ab Le snus ne tue pas. Fumer oui. C&#8217;est si simple. Et vilipender un produit qui a <a href=\"https:\/\/snusforumet.se\/en\/nicotine-alternatives-help-smokers-quit-cigarettes\/\">le potentiel d&#8217;aider des millions de fumeurs fran\u00e7ais \u00e0 arr\u00eater de fumer<\/a> en faveur d&#8217;une alternative beaucoup moins risqu\u00e9e pourrait avoir de graves cons\u00e9quences pour la sant\u00e9 publique fran\u00e7aise.<strong> \u00bb<\/strong><\/p>\n\n\n\n<p><\/p>\n\n\n\n<p><strong><em><a href=\"https:\/\/snusforumet.se\/en\/misguided-french-fears-following-le-snus-tiktok-trend\/\">Cliquez ici pour lire cet article en anglais<\/a><\/em><\/strong><\/p>\n\n\n\n<p><\/p>\n","protected":false},"excerpt":{"rendered":"<p>Des vid\u00e9os TikTok mettant en sc\u00e8ne des jeunes utilisant du snus et des sachets de nicotine ont d\u00e9clench\u00e9 un \u00ab alarmisme mal inform\u00e9 \u00bb en&#8230;<\/p>\n","protected":false},"author":3,"featured_media":7079,"parent":0,"menu_order":0,"comment_status":"closed","ping_status":"closed","template":"","meta":{"_acf_changed":false,"footnotes":""},"class_list":["post-7085","page","type-page","status-publish","has-post-thumbnail","hentry"],"acf":[],"yoast_head":"<!-- This site is optimized with the Yoast SEO plugin v27.1.1 - https:\/\/yoast.com\/product\/yoast-seo-wordpress\/ -->\n<title>Les Fran\u00e7ais \u00ab \u00e9gar\u00e9s \u00bb craignent de suivre la tendance TikTok \u00ab le snus \u00bb - Snusforumet<\/title>\n<meta name=\"description\" content=\"&quot;Le snus : Des vid\u00e9os TikTok mettant en sc\u00e8ne des jeunes ont suscit\u00e9 un \u00ab alarmisme mal inform\u00e9&quot;.\" \/>\n<meta name=\"robots\" content=\"index, follow, max-snippet:-1, max-image-preview:large, max-video-preview:-1\" \/>\n<link rel=\"canonical\" href=\"https:\/\/snusforumet.se\/en\/les-francais-egares-craignent-de-suivre-la-tendance-tiktok-le-snus\/\" \/>\n<meta property=\"og:locale\" content=\"en_US\" \/>\n<meta property=\"og:type\" content=\"article\" \/>\n<meta property=\"og:title\" content=\"Les Fran\u00e7ais \u00ab \u00e9gar\u00e9s \u00bb craignent de suivre la tendance TikTok \u00ab le snus \u00bb - Snusforumet\" \/>\n<meta property=\"og:description\" content=\"&quot;Le snus : Des vid\u00e9os TikTok mettant en sc\u00e8ne des jeunes ont suscit\u00e9 un \u00ab alarmisme mal inform\u00e9&quot;.\" \/>\n<meta property=\"og:url\" content=\"https:\/\/snusforumet.se\/en\/les-francais-egares-craignent-de-suivre-la-tendance-tiktok-le-snus\/\" \/>\n<meta property=\"og:site_name\" content=\"Snusforumet\" \/>\n<meta property=\"article:modified_time\" content=\"2023-01-27T12:58:43+00:00\" \/>\n<meta property=\"og:image\" content=\"https:\/\/snusforumet.se\/wp-content\/uploads\/2023\/01\/Screenshot-2023-01-13-at-20.04.21-copy.png\" \/>\n\t<meta property=\"og:image:width\" content=\"800\" \/>\n\t<meta property=\"og:image:height\" content=\"448\" \/>\n\t<meta property=\"og:image:type\" content=\"image\/png\" \/>\n<meta name=\"twitter:card\" content=\"summary_large_image\" \/>\n<script type=\"application\/ld+json\" class=\"yoast-schema-graph\">{\"@context\":\"https:\/\/schema.org\",\"@graph\":[{\"@type\":\"WebPage\",\"@id\":\"https:\/\/snusforumet.se\/en\/les-francais-egares-craignent-de-suivre-la-tendance-tiktok-le-snus\/\",\"url\":\"https:\/\/snusforumet.se\/en\/les-francais-egares-craignent-de-suivre-la-tendance-tiktok-le-snus\/\",\"name\":\"Les Fran\u00e7ais \u00ab \u00e9gar\u00e9s \u00bb craignent de suivre la tendance TikTok \u00ab le snus \u00bb - Snusforumet\",\"isPartOf\":{\"@id\":\"https:\/\/snusforumet.se\/#website\"},\"primaryImageOfPage\":{\"@id\":\"https:\/\/snusforumet.se\/en\/les-francais-egares-craignent-de-suivre-la-tendance-tiktok-le-snus\/#primaryimage\"},\"image\":{\"@id\":\"https:\/\/snusforumet.se\/en\/les-francais-egares-craignent-de-suivre-la-tendance-tiktok-le-snus\/#primaryimage\"},\"thumbnailUrl\":\"https:\/\/snusforumet.se\/wp-content\/uploads\/2023\/01\/Screenshot-2023-01-13-at-20.04.21-copy.png\",\"datePublished\":\"2023-01-13T15:26:00+00:00\",\"dateModified\":\"2023-01-27T12:58:43+00:00\",\"description\":\"\\\"Le snus : Des vid\u00e9os TikTok mettant en sc\u00e8ne des jeunes ont suscit\u00e9 un \u00ab alarmisme mal inform\u00e9\\\".\",\"inLanguage\":\"en-US\",\"potentialAction\":[{\"@type\":\"ReadAction\",\"target\":[\"https:\/\/snusforumet.se\/en\/les-francais-egares-craignent-de-suivre-la-tendance-tiktok-le-snus\/\"]}]},{\"@type\":\"ImageObject\",\"inLanguage\":\"en-US\",\"@id\":\"https:\/\/snusforumet.se\/en\/les-francais-egares-craignent-de-suivre-la-tendance-tiktok-le-snus\/#primaryimage\",\"url\":\"https:\/\/snusforumet.se\/wp-content\/uploads\/2023\/01\/Screenshot-2023-01-13-at-20.04.21-copy.png\",\"contentUrl\":\"https:\/\/snusforumet.se\/wp-content\/uploads\/2023\/01\/Screenshot-2023-01-13-at-20.04.21-copy.png\",\"width\":800,\"height\":448,\"caption\":\"snus tiktok france\"},{\"@type\":\"WebSite\",\"@id\":\"https:\/\/snusforumet.se\/#website\",\"url\":\"https:\/\/snusforumet.se\/\",\"name\":\"Snusforumet\",\"description\":\"En seri\u00f6s sajt om snus\",\"potentialAction\":[{\"@type\":\"SearchAction\",\"target\":{\"@type\":\"EntryPoint\",\"urlTemplate\":\"https:\/\/snusforumet.se\/?s={search_term_string}\"},\"query-input\":{\"@type\":\"PropertyValueSpecification\",\"valueRequired\":true,\"valueName\":\"search_term_string\"}}],\"inLanguage\":\"en-US\"}]}<\/script>\n<!-- \/ Yoast SEO plugin. -->","yoast_head_json":{"title":"Les Fran\u00e7ais \u00ab \u00e9gar\u00e9s \u00bb craignent de suivre la tendance TikTok \u00ab le snus \u00bb - Snusforumet","description":"\"Le snus : Des vid\u00e9os TikTok mettant en sc\u00e8ne des jeunes ont suscit\u00e9 un \u00ab alarmisme mal inform\u00e9\".","robots":{"index":"index","follow":"follow","max-snippet":"max-snippet:-1","max-image-preview":"max-image-preview:large","max-video-preview":"max-video-preview:-1"},"canonical":"https:\/\/snusforumet.se\/en\/les-francais-egares-craignent-de-suivre-la-tendance-tiktok-le-snus\/","og_locale":"en_US","og_type":"article","og_title":"Les Fran\u00e7ais \u00ab \u00e9gar\u00e9s \u00bb craignent de suivre la tendance TikTok \u00ab le snus \u00bb - Snusforumet","og_description":"\"Le snus : Des vid\u00e9os TikTok mettant en sc\u00e8ne des jeunes ont suscit\u00e9 un \u00ab alarmisme mal inform\u00e9\".","og_url":"https:\/\/snusforumet.se\/en\/les-francais-egares-craignent-de-suivre-la-tendance-tiktok-le-snus\/","og_site_name":"Snusforumet","article_modified_time":"2023-01-27T12:58:43+00:00","og_image":[{"width":800,"height":448,"url":"https:\/\/snusforumet.se\/wp-content\/uploads\/2023\/01\/Screenshot-2023-01-13-at-20.04.21-copy.png","type":"image\/png"}],"twitter_card":"summary_large_image","schema":{"@context":"https:\/\/schema.org","@graph":[{"@type":"WebPage","@id":"https:\/\/snusforumet.se\/en\/les-francais-egares-craignent-de-suivre-la-tendance-tiktok-le-snus\/","url":"https:\/\/snusforumet.se\/en\/les-francais-egares-craignent-de-suivre-la-tendance-tiktok-le-snus\/","name":"Les Fran\u00e7ais \u00ab \u00e9gar\u00e9s \u00bb craignent de suivre la tendance TikTok \u00ab le snus \u00bb - Snusforumet","isPartOf":{"@id":"https:\/\/snusforumet.se\/#website"},"primaryImageOfPage":{"@id":"https:\/\/snusforumet.se\/en\/les-francais-egares-craignent-de-suivre-la-tendance-tiktok-le-snus\/#primaryimage"},"image":{"@id":"https:\/\/snusforumet.se\/en\/les-francais-egares-craignent-de-suivre-la-tendance-tiktok-le-snus\/#primaryimage"},"thumbnailUrl":"https:\/\/snusforumet.se\/wp-content\/uploads\/2023\/01\/Screenshot-2023-01-13-at-20.04.21-copy.png","datePublished":"2023-01-13T15:26:00+00:00","dateModified":"2023-01-27T12:58:43+00:00","description":"\"Le snus : Des vid\u00e9os TikTok mettant en sc\u00e8ne des jeunes ont suscit\u00e9 un \u00ab alarmisme mal inform\u00e9\".","inLanguage":"en-US","potentialAction":[{"@type":"ReadAction","target":["https:\/\/snusforumet.se\/en\/les-francais-egares-craignent-de-suivre-la-tendance-tiktok-le-snus\/"]}]},{"@type":"ImageObject","inLanguage":"en-US","@id":"https:\/\/snusforumet.se\/en\/les-francais-egares-craignent-de-suivre-la-tendance-tiktok-le-snus\/#primaryimage","url":"https:\/\/snusforumet.se\/wp-content\/uploads\/2023\/01\/Screenshot-2023-01-13-at-20.04.21-copy.png","contentUrl":"https:\/\/snusforumet.se\/wp-content\/uploads\/2023\/01\/Screenshot-2023-01-13-at-20.04.21-copy.png","width":800,"height":448,"caption":"snus tiktok france"},{"@type":"WebSite","@id":"https:\/\/snusforumet.se\/#website","url":"https:\/\/snusforumet.se\/","name":"Snusforumet","description":"En seri\u00f6s sajt om snus","potentialAction":[{"@type":"SearchAction","target":{"@type":"EntryPoint","urlTemplate":"https:\/\/snusforumet.se\/?s={search_term_string}"},"query-input":{"@type":"PropertyValueSpecification","valueRequired":true,"valueName":"search_term_string"}}],"inLanguage":"en-US"}]}},"_links":{"self":[{"href":"https:\/\/snusforumet.se\/en\/wp-json\/wp\/v2\/pages\/7085","targetHints":{"allow":["GET"]}}],"collection":[{"href":"https:\/\/snusforumet.se\/en\/wp-json\/wp\/v2\/pages"}],"about":[{"href":"https:\/\/snusforumet.se\/en\/wp-json\/wp\/v2\/types\/page"}],"author":[{"embeddable":true,"href":"https:\/\/snusforumet.se\/en\/wp-json\/wp\/v2\/users\/3"}],"replies":[{"embeddable":true,"href":"https:\/\/snusforumet.se\/en\/wp-json\/wp\/v2\/comments?post=7085"}],"version-history":[{"count":26,"href":"https:\/\/snusforumet.se\/en\/wp-json\/wp\/v2\/pages\/7085\/revisions"}],"predecessor-version":[{"id":7127,"href":"https:\/\/snusforumet.se\/en\/wp-json\/wp\/v2\/pages\/7085\/revisions\/7127"}],"wp:featuredmedia":[{"embeddable":true,"href":"https:\/\/snusforumet.se\/en\/wp-json\/wp\/v2\/media\/7079"}],"wp:attachment":[{"href":"https:\/\/snusforumet.se\/en\/wp-json\/wp\/v2\/media?parent=7085"}],"curies":[{"name":"wp","href":"https:\/\/api.w.org\/{rel}","templated":true}]}}